{"id":556,"date":"2023-01-11T19:29:48","date_gmt":"2023-01-11T22:29:48","guid":{"rendered":"https:\/\/runningtime.com.ar\/?page_id=556"},"modified":"2025-07-11T19:38:58","modified_gmt":"2025-07-11T22:38:58","slug":"quienes-somos","status":"publish","type":"page","link":"https:\/\/runningtime.com.ar\/?page_id=556","title":{"rendered":"Quienes Somos?"},"content":{"rendered":"\t\t<div data-elementor-type=\"wp-post\" data-elementor-id=\"556\" class=\"elementor elementor-556\">\n\t\t\t\t\t\t<section class=\"elementor-section elementor-top-section elementor-element elementor-element-d7d8b56 elementor-section-boxed elementor-section-height-default elementor-section-height-default\" data-id=\"d7d8b56\" data-element_type=\"section\" data-settings=\"{&quot;background_background&quot;:&quot;classic&quot;}\">\n\t\t\t\t\t\t\t<div class=\"elementor-background-overlay\"><\/div>\n\t\t\t\t\t\t\t<div class=\"elementor-container elementor-column-gap-default\">\n\t\t\t\t\t<div class=\"elementor-column elementor-col-100 elementor-top-column elementor-element elementor-element-fd69444\" data-id=\"fd69444\" data-element_type=\"column\">\n\t\t\t<div class=\"elementor-widget-wrap elementor-element-populated\">\n\t\t\t\t\t\t<div class=\"elementor-element elementor-element-abcc2f2 elementor-widget elementor-widget-heading\" data-id=\"abcc2f2\" data-element_type=\"widget\" data-widget_type=\"heading.default\">\n\t\t\t\t<div class=\"elementor-widget-container\">\n\t\t\t\t\t<h1 class=\"elementor-heading-title elementor-size-default\">\u00bfQui\u00e9nes Somos?<\/h1>\t\t\t\t<\/div>\n\t\t\t\t<\/div>\n\t\t\t\t\t<\/div>\n\t\t<\/div>\n\t\t\t\t\t<\/div>\n\t\t<\/section>\n\t\t\t\t<section class=\"elementor-section elementor-top-section elementor-element elementor-element-90df2ba elementor-section-full_width elementor-section-height-default elementor-section-height-default\" data-id=\"90df2ba\" data-element_type=\"section\">\n\t\t\t\t\t\t<div class=\"elementor-container elementor-column-gap-default\">\n\t\t\t\t\t<div class=\"elementor-column elementor-col-100 elementor-top-column elementor-element elementor-element-88bad83\" data-id=\"88bad83\" data-element_type=\"column\">\n\t\t\t<div class=\"elementor-widget-wrap elementor-element-populated\">\n\t\t\t\t\t\t<div class=\"elementor-element elementor-element-425c2c6 elementor-widget-divider--view-line elementor-widget elementor-widget-divider\" data-id=\"425c2c6\" data-element_type=\"widget\" data-widget_type=\"divider.default\">\n\t\t\t\t<div class=\"elementor-widget-container\">\n\t\t\t\t\t\t\t<div class=\"elementor-divider\">\n\t\t\t<span class=\"elementor-divider-separator\">\n\t\t\t\t\t\t<\/span>\n\t\t<\/div>\n\t\t\t\t\t\t<\/div>\n\t\t\t\t<\/div>\n\t\t\t\t\t<\/div>\n\t\t<\/div>\n\t\t\t\t\t<\/div>\n\t\t<\/section>\n\t\t\t\t<section class=\"elementor-section elementor-top-section elementor-element elementor-element-9b03862 elementor-section-full_width elementor-section-height-default elementor-section-height-default\" data-id=\"9b03862\" data-element_type=\"section\">\n\t\t\t\t\t\t<div class=\"elementor-container elementor-column-gap-default\">\n\t\t\t\t\t<div class=\"elementor-column elementor-col-33 elementor-top-column elementor-element elementor-element-b8be33b\" data-id=\"b8be33b\" data-element_type=\"column\">\n\t\t\t<div class=\"elementor-widget-wrap elementor-element-populated\">\n\t\t\t\t\t\t<div class=\"elementor-element elementor-element-40f250b elementor-widget elementor-widget-image\" data-id=\"40f250b\" data-element_type=\"widget\" data-widget_type=\"image.default\">\n\t\t\t\t<div class=\"elementor-widget-container\">\n\t\t\t\t\t\t\t\t\t\t\t\t\t\t\t\t<a href=\"https:\/\/runningtime.com.ar\/wp-content\/uploads\/2024\/12\/DSC_7632.jpg\" data-elementor-open-lightbox=\"yes\" data-elementor-lightbox-title=\"DSC_7632\" data-e-action-hash=\"#elementor-action%3Aaction%3Dlightbox%26settings%3DeyJpZCI6OTc3LCJ1cmwiOiJodHRwczpcL1wvcnVubmluZ3RpbWUuY29tLmFyXC93cC1jb250ZW50XC91cGxvYWRzXC8yMDI0XC8xMlwvRFNDXzc2MzIuanBnIn0%3D\">\n\t\t\t\t\t\t\t<img fetchpriority=\"high\" decoding=\"async\" width=\"1024\" height=\"683\" src=\"https:\/\/runningtime.com.ar\/wp-content\/uploads\/2024\/12\/DSC_7632-1024x683.jpg\" class=\"attachment-large size-large wp-image-977\" alt=\"\" srcset=\"https:\/\/runningtime.com.ar\/wp-content\/uploads\/2024\/12\/DSC_7632-1024x683.jpg 1024w, https:\/\/runningtime.com.ar\/wp-content\/uploads\/2024\/12\/DSC_7632-300x200.jpg 300w, https:\/\/runningtime.com.ar\/wp-content\/uploads\/2024\/12\/DSC_7632-768x512.jpg 768w, https:\/\/runningtime.com.ar\/wp-content\/uploads\/2024\/12\/DSC_7632-1536x1024.jpg 1536w, https:\/\/runningtime.com.ar\/wp-content\/uploads\/2024\/12\/DSC_7632.jpg 1920w\" sizes=\"(max-width: 1024px) 100vw, 1024px\" \/>\t\t\t\t\t\t\t\t<\/a>\n\t\t\t\t\t\t\t\t\t\t\t\t\t\t\t<\/div>\n\t\t\t\t<\/div>\n\t\t\t\t\t<\/div>\n\t\t<\/div>\n\t\t\t\t<div class=\"elementor-column elementor-col-33 elementor-top-column elementor-element elementor-element-aeab0c3\" data-id=\"aeab0c3\" data-element_type=\"column\">\n\t\t\t<div class=\"elementor-widget-wrap elementor-element-populated\">\n\t\t\t\t\t\t<div class=\"elementor-element elementor-element-56d3de1 elementor-widget elementor-widget-spacer\" data-id=\"56d3de1\" data-element_type=\"widget\" data-widget_type=\"spacer.default\">\n\t\t\t\t<div class=\"elementor-widget-container\">\n\t\t\t\t\t\t\t<div class=\"elementor-spacer\">\n\t\t\t<div class=\"elementor-spacer-inner\"><\/div>\n\t\t<\/div>\n\t\t\t\t\t\t<\/div>\n\t\t\t\t<\/div>\n\t\t\t\t\t<\/div>\n\t\t<\/div>\n\t\t\t\t<div class=\"elementor-column elementor-col-33 elementor-top-column elementor-element elementor-element-bc33cf1\" data-id=\"bc33cf1\" data-element_type=\"column\">\n\t\t\t<div class=\"elementor-widget-wrap elementor-element-populated\">\n\t\t\t\t\t\t<div class=\"elementor-element elementor-element-21f9ddf elementor-widget elementor-widget-spacer\" data-id=\"21f9ddf\" data-element_type=\"widget\" data-widget_type=\"spacer.default\">\n\t\t\t\t<div class=\"elementor-widget-container\">\n\t\t\t\t\t\t\t<div class=\"elementor-spacer\">\n\t\t\t<div class=\"elementor-spacer-inner\"><\/div>\n\t\t<\/div>\n\t\t\t\t\t\t<\/div>\n\t\t\t\t<\/div>\n\t\t\t\t<div class=\"elementor-element elementor-element-719611d elementor-widget elementor-widget-heading\" data-id=\"719611d\" data-element_type=\"widget\" data-widget_type=\"heading.default\">\n\t\t\t\t<div class=\"elementor-widget-container\">\n\t\t\t\t\t<h2 class=\"elementor-heading-title elementor-size-default\">Nuestra<br>\n<b>misi\u00f3n<\/b><\/h2>\t\t\t\t<\/div>\n\t\t\t\t<\/div>\n\t\t\t\t<div class=\"elementor-element elementor-element-4727f82 elementor-widget-divider--view-line elementor-widget elementor-widget-divider\" data-id=\"4727f82\" data-element_type=\"widget\" data-widget_type=\"divider.default\">\n\t\t\t\t<div class=\"elementor-widget-container\">\n\t\t\t\t\t\t\t<div class=\"elementor-divider\">\n\t\t\t<span class=\"elementor-divider-separator\">\n\t\t\t\t\t\t<\/span>\n\t\t<\/div>\n\t\t\t\t\t\t<\/div>\n\t\t\t\t<\/div>\n\t\t\t\t<div class=\"elementor-element elementor-element-f05b738 elementor-widget elementor-widget-text-editor\" data-id=\"f05b738\" data-element_type=\"widget\" data-widget_type=\"text-editor.default\">\n\t\t\t\t<div class=\"elementor-widget-container\">\n\t\t\t\t\t\t\t\t\t<p style=\"font-size: 16px; font-style: normal; font-weight: 400; margin-bottom: 1.6em;\"><span style=\"background-color: var(--ast-global-color-4); color: var(--ast-global-color-3);\">Running Time Contenidos es un espacio creado por corredores dedicado a cubrir eventos de atletismo, pedestrismo, trail running y pruebas combinadas como el acuatl\u00f3n, duatl\u00f3n y triatl\u00f3n.<\/span><\/p>\t\t\t\t\t\t\t\t<\/div>\n\t\t\t\t<\/div>\n\t\t\t\t\t<\/div>\n\t\t<\/div>\n\t\t\t\t\t<\/div>\n\t\t<\/section>\n\t\t\t\t<section class=\"elementor-section elementor-top-section elementor-element elementor-element-0286d98 elementor-section-full_width elementor-section-height-default elementor-section-height-default\" data-id=\"0286d98\" data-element_type=\"section\">\n\t\t\t\t\t\t<div class=\"elementor-container elementor-column-gap-default\">\n\t\t\t\t\t<div class=\"elementor-column elementor-col-33 elementor-top-column elementor-element elementor-element-041d166\" data-id=\"041d166\" data-element_type=\"column\">\n\t\t\t<div class=\"elementor-widget-wrap elementor-element-populated\">\n\t\t\t\t\t\t<div class=\"elementor-element elementor-element-fafb5bf elementor-widget elementor-widget-spacer\" data-id=\"fafb5bf\" data-element_type=\"widget\" data-widget_type=\"spacer.default\">\n\t\t\t\t<div class=\"elementor-widget-container\">\n\t\t\t\t\t\t\t<div class=\"elementor-spacer\">\n\t\t\t<div class=\"elementor-spacer-inner\"><\/div>\n\t\t<\/div>\n\t\t\t\t\t\t<\/div>\n\t\t\t\t<\/div>\n\t\t\t\t\t<\/div>\n\t\t<\/div>\n\t\t\t\t<div class=\"elementor-column elementor-col-33 elementor-top-column elementor-element elementor-element-5be9054\" data-id=\"5be9054\" data-element_type=\"column\">\n\t\t\t<div class=\"elementor-widget-wrap elementor-element-populated\">\n\t\t\t\t\t\t<div class=\"elementor-element elementor-element-2464450 elementor-widget elementor-widget-spacer\" data-id=\"2464450\" data-element_type=\"widget\" data-widget_type=\"spacer.default\">\n\t\t\t\t<div class=\"elementor-widget-container\">\n\t\t\t\t\t\t\t<div class=\"elementor-spacer\">\n\t\t\t<div class=\"elementor-spacer-inner\"><\/div>\n\t\t<\/div>\n\t\t\t\t\t\t<\/div>\n\t\t\t\t<\/div>\n\t\t\t\t<div class=\"elementor-element elementor-element-5cb9684 elementor-widget elementor-widget-heading\" data-id=\"5cb9684\" data-element_type=\"widget\" data-widget_type=\"heading.default\">\n\t\t\t\t<div class=\"elementor-widget-container\">\n\t\t\t\t\t<h2 class=\"elementor-heading-title elementor-size-default\">Nuestra<br>\n<b>misi\u00f3n<\/b><\/h2>\t\t\t\t<\/div>\n\t\t\t\t<\/div>\n\t\t\t\t<div class=\"elementor-element elementor-element-b51ced9 elementor-widget-divider--view-line elementor-widget elementor-widget-divider\" data-id=\"b51ced9\" data-element_type=\"widget\" data-widget_type=\"divider.default\">\n\t\t\t\t<div class=\"elementor-widget-container\">\n\t\t\t\t\t\t\t<div class=\"elementor-divider\">\n\t\t\t<span class=\"elementor-divider-separator\">\n\t\t\t\t\t\t<\/span>\n\t\t<\/div>\n\t\t\t\t\t\t<\/div>\n\t\t\t\t<\/div>\n\t\t\t\t<div class=\"elementor-element elementor-element-58768f6 elementor-widget elementor-widget-text-editor\" data-id=\"58768f6\" data-element_type=\"widget\" data-widget_type=\"text-editor.default\">\n\t\t\t\t<div class=\"elementor-widget-container\">\n\t\t\t\t\t\t\t\t\t<p>Nuestro trabajo se puede ver plasmado en nuestras redes sociales, programa de TV y canal de Youtube. Adem\u00e1s ofrecemos publicidad, difusi\u00f3n, campa\u00f1as publicitarias y producciones audiovisuales.<\/p><p>Sobre todas las cosas, nuestro objetivo es poder mostrar esta actividad para que siga creciendo y que m\u00e1s gente se sume a este fen\u00f3meno deportivo y social.<\/p>\t\t\t\t\t\t\t\t<\/div>\n\t\t\t\t<\/div>\n\t\t\t\t\t<\/div>\n\t\t<\/div>\n\t\t\t\t<div class=\"elementor-column elementor-col-33 elementor-top-column elementor-element elementor-element-2731d19\" data-id=\"2731d19\" data-element_type=\"column\">\n\t\t\t<div class=\"elementor-widget-wrap elementor-element-populated\">\n\t\t\t\t\t\t<div class=\"elementor-element elementor-element-a234b7b elementor-widget elementor-widget-image\" data-id=\"a234b7b\" data-element_type=\"widget\" data-widget_type=\"image.default\">\n\t\t\t\t<div class=\"elementor-widget-container\">\n\t\t\t\t\t\t\t\t\t\t\t\t\t\t\t\t<a href=\"https:\/\/runningtime.com.ar\/wp-content\/uploads\/2024\/12\/d8dafd28-f311-475c-a5a5-85ea9306fc2a-_mariano_sen.png\" data-elementor-open-lightbox=\"yes\" data-elementor-lightbox-title=\"d8dafd28-f311-475c-a5a5-85ea9306fc2a-_mariano_sen\" data-e-action-hash=\"#elementor-action%3Aaction%3Dlightbox%26settings%3DeyJpZCI6OTY3LCJ1cmwiOiJodHRwczpcL1wvcnVubmluZ3RpbWUuY29tLmFyXC93cC1jb250ZW50XC91cGxvYWRzXC8yMDI0XC8xMlwvZDhkYWZkMjgtZjMxMS00NzVjLWE1YTUtODVlYTkzMDZmYzJhLV9tYXJpYW5vX3Nlbi5wbmcifQ%3D%3D\">\n\t\t\t\t\t\t\t<img decoding=\"async\" width=\"1024\" height=\"683\" src=\"https:\/\/runningtime.com.ar\/wp-content\/uploads\/2024\/12\/d8dafd28-f311-475c-a5a5-85ea9306fc2a-_mariano_sen-1024x683.png\" class=\"attachment-large size-large wp-image-967\" alt=\"\" srcset=\"https:\/\/runningtime.com.ar\/wp-content\/uploads\/2024\/12\/d8dafd28-f311-475c-a5a5-85ea9306fc2a-_mariano_sen-1024x683.png 1024w, https:\/\/runningtime.com.ar\/wp-content\/uploads\/2024\/12\/d8dafd28-f311-475c-a5a5-85ea9306fc2a-_mariano_sen-300x200.png 300w, https:\/\/runningtime.com.ar\/wp-content\/uploads\/2024\/12\/d8dafd28-f311-475c-a5a5-85ea9306fc2a-_mariano_sen-768x512.png 768w, https:\/\/runningtime.com.ar\/wp-content\/uploads\/2024\/12\/d8dafd28-f311-475c-a5a5-85ea9306fc2a-_mariano_sen-1536x1024.png 1536w, https:\/\/runningtime.com.ar\/wp-content\/uploads\/2024\/12\/d8dafd28-f311-475c-a5a5-85ea9306fc2a-_mariano_sen.png 1920w\" sizes=\"(max-width: 1024px) 100vw, 1024px\" \/>\t\t\t\t\t\t\t\t<\/a>\n\t\t\t\t\t\t\t\t\t\t\t\t\t\t\t<\/div>\n\t\t\t\t<\/div>\n\t\t\t\t\t<\/div>\n\t\t<\/div>\n\t\t\t\t\t<\/div>\n\t\t<\/section>\n\t\t\t\t<section class=\"elementor-section elementor-top-section elementor-element elementor-element-0b83101 elementor-section-full_width elementor-section-height-default elementor-section-height-default\" data-id=\"0b83101\" data-element_type=\"section\">\n\t\t\t\t\t\t<div class=\"elementor-container elementor-column-gap-default\">\n\t\t\t\t\t<div class=\"elementor-column elementor-col-100 elementor-top-column elementor-element elementor-element-0882ef4\" data-id=\"0882ef4\" data-element_type=\"column\">\n\t\t\t<div class=\"elementor-widget-wrap elementor-element-populated\">\n\t\t\t\t\t\t<div class=\"elementor-element elementor-element-6d5d9ad elementor-widget-divider--view-line elementor-widget elementor-widget-divider\" data-id=\"6d5d9ad\" data-element_type=\"widget\" data-widget_type=\"divider.default\">\n\t\t\t\t<div class=\"elementor-widget-container\">\n\t\t\t\t\t\t\t<div class=\"elementor-divider\">\n\t\t\t<span class=\"elementor-divider-separator\">\n\t\t\t\t\t\t<\/span>\n\t\t<\/div>\n\t\t\t\t\t\t<\/div>\n\t\t\t\t<\/div>\n\t\t\t\t\t<\/div>\n\t\t<\/div>\n\t\t\t\t\t<\/div>\n\t\t<\/section>\n\t\t\t\t<section class=\"elementor-section elementor-top-section elementor-element elementor-element-d68f8fe elementor-section-boxed elementor-section-height-default elementor-section-height-default\" data-id=\"d68f8fe\" data-element_type=\"section\">\n\t\t\t\t\t\t<div class=\"elementor-container elementor-column-gap-default\">\n\t\t\t\t\t<div class=\"elementor-column elementor-col-100 elementor-top-column elementor-element elementor-element-28b5086\" data-id=\"28b5086\" data-element_type=\"column\">\n\t\t\t<div class=\"elementor-widget-wrap elementor-element-populated\">\n\t\t\t\t\t\t<div class=\"elementor-element elementor-element-0366c6e elementor-widget elementor-widget-video\" data-id=\"0366c6e\" data-element_type=\"widget\" data-settings=\"{&quot;youtube_url&quot;:&quot;https:\\\/\\\/youtu.be\\\/b7gWSlKO_yM&quot;,&quot;video_type&quot;:&quot;youtube&quot;,&quot;controls&quot;:&quot;yes&quot;}\" data-widget_type=\"video.default\">\n\t\t\t\t<div class=\"elementor-widget-container\">\n\t\t\t\t\t\t\t<div class=\"elementor-wrapper elementor-open-inline\">\n\t\t\t<div class=\"elementor-video\"><\/div>\t\t<\/div>\n\t\t\t\t\t\t<\/div>\n\t\t\t\t<\/div>\n\t\t\t\t\t<\/div>\n\t\t<\/div>\n\t\t\t\t\t<\/div>\n\t\t<\/section>\n\t\t\t\t<\/div>\n\t\t","protected":false},"excerpt":{"rendered":"<p>\u00bfQui\u00e9nes Somos? Nuestra misi\u00f3n Running Time Contenidos es un espacio creado por corredores dedicado a cubrir eventos de atletismo, pedestrismo, trail running y pruebas combinadas como el acuatl\u00f3n, duatl\u00f3n y triatl\u00f3n. Nuestra misi\u00f3n Nuestro trabajo se puede ver plasmado en nuestras redes sociales, programa de TV y canal de Youtube. Adem\u00e1s ofrecemos publicidad, difusi\u00f3n, campa\u00f1as [&hellip;]<\/p>\n","protected":false},"author":2,"featured_media":0,"parent":0,"menu_order":0,"comment_status":"closed","ping_status":"closed","template":"","meta":{"_eb_attr":"","om_disable_all_campaigns":false,"_uag_custom_page_level_css":"","_monsterinsights_skip_tracking":false,"_monsterinsights_sitenote_active":false,"_monsterinsights_sitenote_note":"","_monsterinsights_sitenote_category":0,"site-sidebar-layout":"no-sidebar","site-content-layout":"page-builder","ast-site-content-layout":"","site-content-style":"default","site-sidebar-style":"default","ast-global-header-display":"","ast-banner-title-visibility":"","ast-main-header-display":"","ast-hfb-above-header-display":"","ast-hfb-below-header-display":"","ast-hfb-mobile-header-display":"","site-post-title":"disabled","ast-breadcrumbs-content":"","ast-featured-img":"disabled","footer-sml-layout":"","theme-transparent-header-meta":"enabled","adv-header-id-meta":"","stick-header-meta":"","header-above-stick-meta":"","header-main-stick-meta":"","header-below-stick-meta":"","astra-migrate-meta-layouts":"default","ast-page-background-enabled":"default","ast-page-background-meta":{"desktop":{"background-color":"","background-image":"","background-repeat":"repeat","background-position":"center center","background-size":"auto","background-attachment":"scroll","background-type":"","background-media":"","overlay-type":"","overlay-color":"","overlay-opacity":"","overlay-gradient":""},"tablet":{"background-color":"","background-image":"","background-repeat":"repeat","background-position":"center center","background-size":"auto","background-attachment":"scroll","background-type":"","background-media":"","overlay-type":"","overlay-color":"","overlay-opacity":"","overlay-gradient":""},"mobile":{"background-color":"","background-image":"","background-repeat":"repeat","background-position":"center center","background-size":"auto","background-attachment":"scroll","background-type":"","background-media":"","overlay-type":"","overlay-color":"","overlay-opacity":"","overlay-gradient":""}},"ast-content-background-meta":{"desktop":{"background-color":"var(--ast-global-color-5)","background-image":"","background-repeat":"repeat","background-position":"center center","background-size":"auto","background-attachment":"scroll","background-type":"","background-media":"","overlay-type":"","overlay-color":"","overlay-opacity":"","overlay-gradient":""},"tablet":{"background-color":"var(--ast-global-color-5)","background-image":"","background-repeat":"repeat","background-position":"center center","background-size":"auto","background-attachment":"scroll","background-type":"","background-media":"","overlay-type":"","overlay-color":"","overlay-opacity":"","overlay-gradient":""},"mobile":{"background-color":"var(--ast-global-color-5)","background-image":"","background-repeat":"repeat","background-position":"center center","background-size":"auto","background-attachment":"scroll","background-type":"","background-media":"","overlay-type":"","overlay-color":"","overlay-opacity":"","overlay-gradient":""}},"footnotes":""},"class_list":["post-556","page","type-page","status-publish","hentry"],"uagb_featured_image_src":{"full":false,"thumbnail":false,"medium":false,"medium_large":false,"large":false,"1536x1536":false,"2048x2048":false},"uagb_author_info":{"display_name":"Lisandro Parera","author_link":"https:\/\/runningtime.com.ar\/?author=2"},"uagb_comment_info":0,"uagb_excerpt":"\u00bfQui\u00e9nes Somos? Nuestra misi\u00f3n Running Time Contenidos es un espacio creado por corredores dedicado a cubrir eventos de atletismo, pedestrismo, trail running y pruebas combinadas como el acuatl\u00f3n, duatl\u00f3n y triatl\u00f3n. Nuestra misi\u00f3n Nuestro trabajo se puede ver plasmado en nuestras redes sociales, programa de TV y canal de Youtube. Adem\u00e1s ofrecemos publicidad, difusi\u00f3n, campa\u00f1as&hellip;","_links":{"self":[{"href":"https:\/\/runningtime.com.ar\/index.php?rest_route=\/wp\/v2\/pages\/556","targetHints":{"allow":["GET"]}}],"collection":[{"href":"https:\/\/runningtime.com.ar\/index.php?rest_route=\/wp\/v2\/pages"}],"about":[{"href":"https:\/\/runningtime.com.ar\/index.php?rest_route=\/wp\/v2\/types\/page"}],"author":[{"embeddable":true,"href":"https:\/\/runningtime.com.ar\/index.php?rest_route=\/wp\/v2\/users\/2"}],"replies":[{"embeddable":true,"href":"https:\/\/runningtime.com.ar\/index.php?rest_route=%2Fwp%2Fv2%2Fcomments&post=556"}],"version-history":[{"count":35,"href":"https:\/\/runningtime.com.ar\/index.php?rest_route=\/wp\/v2\/pages\/556\/revisions"}],"predecessor-version":[{"id":1258,"href":"https:\/\/runningtime.com.ar\/index.php?rest_route=\/wp\/v2\/pages\/556\/revisions\/1258"}],"wp:attachment":[{"href":"https:\/\/runningtime.com.ar\/index.php?rest_route=%2Fwp%2Fv2%2Fmedia&parent=556"}],"curies":[{"name":"wp","href":"https:\/\/api.w.org\/{rel}","templated":true}]}}